{"id":16468,"date":"2022-05-19T23:20:59","date_gmt":"2022-05-19T23:20:59","guid":{"rendered":"https:\/\/www.avegoabogados.com\/areas\/"},"modified":"2024-03-12T09:51:23","modified_gmt":"2024-03-12T09:51:23","slug":"areas","status":"publish","type":"page","link":"https:\/\/www.avegoabogados.com\/en\/areas\/","title":{"rendered":"\u00c1reas"},"content":{"rendered":"\t\t<div data-elementor-type=\"wp-page\" data-elementor-id=\"16468\" class=\"elementor elementor-16468 elementor-13989\">\n\t\t\t\t\t\t<section class=\"elementor-section elementor-top-section elementor-element elementor-element-4e16108 elementor-section-full_width elementor-section-height-default elementor-section-height-default qodef-elementor-content-no\" data-id=\"4e16108\" data-element_type=\"section\" data-e-type=\"section\">\n\t\t\t\t\t\t<div class=\"elementor-container elementor-column-gap-no\">\n\t\t\t\t\t<div class=\"elementor-column elementor-col-100 elementor-top-column elementor-element elementor-element-5f04a25\" data-id=\"5f04a25\" data-element_type=\"column\" data-e-type=\"column\" data-settings=\"{&quot;background_background&quot;:&quot;classic&quot;}\">\n\t\t\t<div class=\"elementor-widget-wrap elementor-element-populated\">\n\t\t\t\t\t\t<div class=\"elementor-element elementor-element-996890f elementor-widget elementor-widget-text-editor\" data-id=\"996890f\" data-element_type=\"widget\" data-e-type=\"widget\" data-widget_type=\"text-editor.default\">\n\t\t\t\t<div class=\"elementor-widget-container\">\n\t\t\t\t\t\t\t\t\t<h1 style=\"text-align: center;\"><strong>\u00c1REAS DE ACTUACI\u00d3N<\/strong><\/h1>\t\t\t\t\t\t\t\t<\/div>\n\t\t\t\t<\/div>\n\t\t\t\t<div class=\"elementor-element elementor-element-7967d6d elementor-widget elementor-widget-text-editor\" data-id=\"7967d6d\" data-element_type=\"widget\" data-e-type=\"widget\" data-widget_type=\"text-editor.default\">\n\t\t\t\t<div class=\"elementor-widget-container\">\n\t\t\t\t\t\t\t\t\t<p style=\"text-align: left;\">En AVEGO trabajamos de forma transversal, compartiendo experiencia, conocimiento y enfoque. Marta G\u00f3mez-Luengo dirige el departamento de Mercantil y Transacciones; Luis Vericat se encarga del departamento de Litigaci\u00f3n y Arbitraje; Mabel Zapata encabeza el departamento Fiscal; y Sylvia Alonso lidera el departamento de Tecnolog\u00eda, Medios y Telecomunicaciones.<\/p><p style=\"text-align: left;\">Adem\u00e1s, AVEGO ofrece tambi\u00e9n servicios en las \u00e1reas de derecho laboral, de familia y contencioso-administrativo a trav\u00e9s de colaboradores de la firma que son personalmente coordinados por los socios.<\/p>\t\t\t\t\t\t\t\t<\/div>\n\t\t\t\t<\/div>\n\t\t\t\t\t<\/div>\n\t\t<\/div>\n\t\t\t\t\t<\/div>\n\t\t<\/section>\n\t\t\t\t<section class=\"elementor-section elementor-top-section elementor-element elementor-element-ff44034 fons-meitat-gris-abaix elementor-section-boxed elementor-section-height-default elementor-section-height-default qodef-elementor-content-no\" data-id=\"ff44034\" data-element_type=\"section\" data-e-type=\"section\">\n\t\t\t\t\t\t<div class=\"elementor-container elementor-column-gap-default\">\n\t\t\t\t\t<div class=\"elementor-column elementor-col-33 elementor-top-column elementor-element elementor-element-ef38f3a\" data-id=\"ef38f3a\" data-element_type=\"column\" data-e-type=\"column\">\n\t\t\t<div class=\"elementor-widget-wrap elementor-element-populated\">\n\t\t\t\t\t\t<div class=\"elementor-element elementor-element-629852e caixa-socis elementor-position-top elementor-widget elementor-widget-image-box\" data-id=\"629852e\" data-element_type=\"widget\" data-e-type=\"widget\" data-widget_type=\"image-box.default\">\n\t\t\t\t<div class=\"elementor-widget-container\">\n\t\t\t\t\t<div class=\"elementor-image-box-wrapper\"><figure class=\"elementor-image-box-img\"><a href=\"https:\/\/www.avegoabogados.com\/areas\/tecnologia-medios-y-telecomunicaciones\/\" tabindex=\"-1\"><img fetchpriority=\"high\" decoding=\"async\" width=\"864\" height=\"1807\" src=\"https:\/\/www.avegoabogados.com\/wp-content\/uploads\/2022\/12\/caja-telecomunicaciones-sin.png\" class=\"attachment-full size-full wp-image-15602\" alt=\"\" srcset=\"https:\/\/www.avegoabogados.com\/wp-content\/uploads\/2022\/12\/caja-telecomunicaciones-sin.png 864w, https:\/\/www.avegoabogados.com\/wp-content\/uploads\/2022\/12\/caja-telecomunicaciones-sin-143x300.png 143w, https:\/\/www.avegoabogados.com\/wp-content\/uploads\/2022\/12\/caja-telecomunicaciones-sin-490x1024.png 490w, https:\/\/www.avegoabogados.com\/wp-content\/uploads\/2022\/12\/caja-telecomunicaciones-sin-768x1606.png 768w, https:\/\/www.avegoabogados.com\/wp-content\/uploads\/2022\/12\/caja-telecomunicaciones-sin-734x1536.png 734w, https:\/\/www.avegoabogados.com\/wp-content\/uploads\/2022\/12\/caja-telecomunicaciones-sin-600x1255.png 600w\" sizes=\"(max-width: 864px) 100vw, 864px\" \/><\/a><\/figure><div class=\"elementor-image-box-content\"><h2 class=\"elementor-image-box-title\"><a href=\"https:\/\/www.avegoabogados.com\/areas\/tecnologia-medios-y-telecomunicaciones\/\"><span style=\"font-size:12px !important\">\u00c1REA TECNOLOG\u00cdA, MEDIOS Y TELECOMUNICACIONES<\/span><\/a><\/h2><\/div><\/div>\t\t\t\t<\/div>\n\t\t\t\t<\/div>\n\t\t\t\t\t<\/div>\n\t\t<\/div>\n\t\t\t\t<div class=\"elementor-column elementor-col-33 elementor-top-column elementor-element elementor-element-3ccdb96\" data-id=\"3ccdb96\" data-element_type=\"column\" data-e-type=\"column\">\n\t\t\t<div class=\"elementor-widget-wrap elementor-element-populated\">\n\t\t\t\t\t\t<div class=\"elementor-element elementor-element-b6dcafd caixa-socis elementor-position-top elementor-widget elementor-widget-image-box\" data-id=\"b6dcafd\" data-element_type=\"widget\" data-e-type=\"widget\" data-widget_type=\"image-box.default\">\n\t\t\t\t<div class=\"elementor-widget-container\">\n\t\t\t\t\t<div class=\"elementor-image-box-wrapper\"><figure class=\"elementor-image-box-img\"><a href=\"https:\/\/www.avegoabogados.com\/areas\/mercantil-y-transacciones\/\" tabindex=\"-1\"><img decoding=\"async\" width=\"869\" height=\"1665\" src=\"https:\/\/www.avegoabogados.com\/wp-content\/uploads\/2022\/12\/caja-mercantil-sin.png\" class=\"attachment-full size-full wp-image-15605\" alt=\"\" srcset=\"https:\/\/www.avegoabogados.com\/wp-content\/uploads\/2022\/12\/caja-mercantil-sin.png 869w, https:\/\/www.avegoabogados.com\/wp-content\/uploads\/2022\/12\/caja-mercantil-sin-157x300.png 157w, https:\/\/www.avegoabogados.com\/wp-content\/uploads\/2022\/12\/caja-mercantil-sin-534x1024.png 534w, https:\/\/www.avegoabogados.com\/wp-content\/uploads\/2022\/12\/caja-mercantil-sin-768x1471.png 768w, https:\/\/www.avegoabogados.com\/wp-content\/uploads\/2022\/12\/caja-mercantil-sin-802x1536.png 802w, https:\/\/www.avegoabogados.com\/wp-content\/uploads\/2022\/12\/caja-mercantil-sin-600x1150.png 600w\" sizes=\"(max-width: 869px) 100vw, 869px\" \/><\/a><\/figure><div class=\"elementor-image-box-content\"><h2 class=\"elementor-image-box-title\"><a href=\"https:\/\/www.avegoabogados.com\/areas\/mercantil-y-transacciones\/\"><span style=\"font-size:12px !important\">\u00c1REA MERCANTIL Y TRANSACCIONES<\/span><\/a><\/h2><\/div><\/div>\t\t\t\t<\/div>\n\t\t\t\t<\/div>\n\t\t\t\t\t<\/div>\n\t\t<\/div>\n\t\t\t\t<div class=\"elementor-column elementor-col-33 elementor-top-column elementor-element elementor-element-af3dd64\" data-id=\"af3dd64\" data-element_type=\"column\" data-e-type=\"column\">\n\t\t\t<div class=\"elementor-widget-wrap elementor-element-populated\">\n\t\t\t\t\t\t<section class=\"elementor-section elementor-inner-section elementor-element elementor-element-8d35312 elementor-section-boxed elementor-section-height-default elementor-section-height-default qodef-elementor-content-no\" data-id=\"8d35312\" data-element_type=\"section\" data-e-type=\"section\">\n\t\t\t\t\t\t<div class=\"elementor-container elementor-column-gap-default\">\n\t\t\t\t\t<div class=\"elementor-column elementor-col-100 elementor-inner-column elementor-element elementor-element-508080e\" data-id=\"508080e\" data-element_type=\"column\" data-e-type=\"column\">\n\t\t\t<div class=\"elementor-widget-wrap elementor-element-populated\">\n\t\t\t\t\t\t<div class=\"elementor-element elementor-element-78077d4 caixa-socis elementor-position-top elementor-widget elementor-widget-image-box\" data-id=\"78077d4\" data-element_type=\"widget\" data-e-type=\"widget\" data-widget_type=\"image-box.default\">\n\t\t\t\t<div class=\"elementor-widget-container\">\n\t\t\t\t\t<div class=\"elementor-image-box-wrapper\"><figure class=\"elementor-image-box-img\"><a href=\"https:\/\/www.avegoabogados.com\/areas\/fiscal\/\" tabindex=\"-1\"><img decoding=\"async\" width=\"869\" height=\"940\" src=\"https:\/\/www.avegoabogados.com\/wp-content\/uploads\/2022\/12\/caja-fiscal-sin.png\" class=\"attachment-full size-full wp-image-15604\" alt=\"\" srcset=\"https:\/\/www.avegoabogados.com\/wp-content\/uploads\/2022\/12\/caja-fiscal-sin.png 869w, https:\/\/www.avegoabogados.com\/wp-content\/uploads\/2022\/12\/caja-fiscal-sin-277x300.png 277w, https:\/\/www.avegoabogados.com\/wp-content\/uploads\/2022\/12\/caja-fiscal-sin-768x831.png 768w, https:\/\/www.avegoabogados.com\/wp-content\/uploads\/2022\/12\/caja-fiscal-sin-600x649.png 600w\" sizes=\"(max-width: 869px) 100vw, 869px\" \/><\/a><\/figure><div class=\"elementor-image-box-content\"><h2 class=\"elementor-image-box-title\"><a href=\"https:\/\/www.avegoabogados.com\/areas\/fiscal\/\"><span style=\"font-size:12px !important\">\u00c1REA FISCAL<\/span><\/a><\/h2><\/div><\/div>\t\t\t\t<\/div>\n\t\t\t\t<\/div>\n\t\t\t\t\t<\/div>\n\t\t<\/div>\n\t\t\t\t\t<\/div>\n\t\t<\/section>\n\t\t\t\t<section class=\"elementor-section elementor-inner-section elementor-element elementor-element-0182ee5 elementor-section-boxed elementor-section-height-default elementor-section-height-default qodef-elementor-content-no\" data-id=\"0182ee5\" data-element_type=\"section\" data-e-type=\"section\">\n\t\t\t\t\t\t<div class=\"elementor-container elementor-column-gap-default\">\n\t\t\t\t\t<div class=\"elementor-column elementor-col-100 elementor-inner-column elementor-element elementor-element-fe06a10\" data-id=\"fe06a10\" data-element_type=\"column\" data-e-type=\"column\">\n\t\t\t<div class=\"elementor-widget-wrap elementor-element-populated\">\n\t\t\t\t\t\t<div class=\"elementor-element elementor-element-172985d caixa-socis elementor-position-top elementor-widget elementor-widget-image-box\" data-id=\"172985d\" data-element_type=\"widget\" data-e-type=\"widget\" data-widget_type=\"image-box.default\">\n\t\t\t\t<div class=\"elementor-widget-container\">\n\t\t\t\t\t<div class=\"elementor-image-box-wrapper\"><figure class=\"elementor-image-box-img\"><a href=\"https:\/\/www.avegoabogados.com\/areas\/litigacion-y-arbitraje\/\" tabindex=\"-1\"><img loading=\"lazy\" decoding=\"async\" width=\"869\" height=\"844\" src=\"https:\/\/www.avegoabogados.com\/wp-content\/uploads\/2022\/12\/caja-litigacion-sin.png\" class=\"attachment-full size-full wp-image-15603\" alt=\"\" srcset=\"https:\/\/www.avegoabogados.com\/wp-content\/uploads\/2022\/12\/caja-litigacion-sin.png 869w, https:\/\/www.avegoabogados.com\/wp-content\/uploads\/2022\/12\/caja-litigacion-sin-300x291.png 300w, https:\/\/www.avegoabogados.com\/wp-content\/uploads\/2022\/12\/caja-litigacion-sin-768x746.png 768w, https:\/\/www.avegoabogados.com\/wp-content\/uploads\/2022\/12\/caja-litigacion-sin-600x583.png 600w\" sizes=\"(max-width: 869px) 100vw, 869px\" \/><\/a><\/figure><div class=\"elementor-image-box-content\"><h2 class=\"elementor-image-box-title\"><a href=\"https:\/\/www.avegoabogados.com\/areas\/litigacion-y-arbitraje\/\"><span style=\"font-size:12px !important\">\u00c1REA LITIGACI\u00d3N Y ARBITRAJE<\/span><\/a><\/h2><\/div><\/div>\t\t\t\t<\/div>\n\t\t\t\t<\/div>\n\t\t\t\t\t<\/div>\n\t\t<\/div>\n\t\t\t\t\t<\/div>\n\t\t<\/section>\n\t\t\t\t\t<\/div>\n\t\t<\/div>\n\t\t\t\t\t<\/div>\n\t\t<\/section>\n\t\t\t\t<\/div>\n\t\t","protected":false},"excerpt":{"rendered":"<p>\u00a0\u00a0\u00a0 \u00c1REAS DE ACTUACI\u00d3N En AVEGO trabajamos de forma transversal, compartiendo experiencia, conocimiento y enfoque. Marta G\u00f3mez-Luengo dirige el departamento de Mercantil y Transacciones; Luis Vericat se encarga del departamento de Litigaci\u00f3n y Arbitraje; Mabel Zapata encabeza el departamento Fiscal; y Sylvia Alonso lidera el departamento de Tecnolog\u00eda, Medios y Telecomunicaciones. Adem\u00e1s, AVEGO ofrece tambi\u00e9n [&hellip;]<\/p>\n","protected":false},"author":1,"featured_media":0,"parent":0,"menu_order":0,"comment_status":"closed","ping_status":"closed","template":"","meta":{"inline_featured_image":false,"footnotes":""},"class_list":["post-16468","page","type-page","status-publish","hentry"],"yoast_head":"<!-- This site is optimized with the Yoast SEO plugin v26.3 - https:\/\/yoast.com\/wordpress\/plugins\/seo\/ -->\n<title>\u00c1reas - Avego Abogados<\/title>\n<meta name=\"robots\" content=\"index, follow, max-snippet:-1, max-image-preview:large, max-video-preview:-1\" \/>\n<link rel=\"canonical\" href=\"https:\/\/www.avegoabogados.com\/en\/areas\/\" \/>\n<meta property=\"og:locale\" content=\"en_US\" \/>\n<meta property=\"og:type\" content=\"article\" \/>\n<meta property=\"og:title\" content=\"\u00c1reas - Avego Abogados\" \/>\n<meta property=\"og:description\" content=\"\u00a0\u00a0\u00a0 \u00c1REAS DE ACTUACI\u00d3N En AVEGO trabajamos de forma transversal, compartiendo experiencia, conocimiento y enfoque. Marta G\u00f3mez-Luengo dirige el departamento de Mercantil y Transacciones; Luis Vericat se encarga del departamento de Litigaci\u00f3n y Arbitraje; Mabel Zapata encabeza el departamento Fiscal; y Sylvia Alonso lidera el departamento de Tecnolog\u00eda, Medios y Telecomunicaciones. Adem\u00e1s, AVEGO ofrece tambi\u00e9n [&hellip;]\" \/>\n<meta property=\"og:url\" content=\"https:\/\/www.avegoabogados.com\/en\/areas\/\" \/>\n<meta property=\"og:site_name\" content=\"Avego Abogados\" \/>\n<meta property=\"article:modified_time\" content=\"2024-03-12T09:51:23+00:00\" \/>\n<meta property=\"og:image\" content=\"https:\/\/www.avegoabogados.com\/wp-content\/uploads\/2022\/04\/linea-titulo.png\" \/>\n<meta name=\"twitter:card\" content=\"summary_large_image\" \/>\n<meta name=\"twitter:label1\" content=\"Est. reading time\" \/>\n\t<meta name=\"twitter:data1\" content=\"2 minutes\" \/>\n<script type=\"application\/ld+json\" class=\"yoast-schema-graph\">{\"@context\":\"https:\/\/schema.org\",\"@graph\":[{\"@type\":\"WebPage\",\"@id\":\"https:\/\/www.avegoabogados.com\/en\/areas\/\",\"url\":\"https:\/\/www.avegoabogados.com\/en\/areas\/\",\"name\":\"\u00c1reas - Avego Abogados\",\"isPartOf\":{\"@id\":\"https:\/\/www.avegoabogados.com\/#website\"},\"primaryImageOfPage\":{\"@id\":\"https:\/\/www.avegoabogados.com\/en\/areas\/#primaryimage\"},\"image\":{\"@id\":\"https:\/\/www.avegoabogados.com\/en\/areas\/#primaryimage\"},\"thumbnailUrl\":\"https:\/\/www.avegoabogados.com\/wp-content\/uploads\/2022\/04\/linea-titulo.png\",\"datePublished\":\"2022-05-19T23:20:59+00:00\",\"dateModified\":\"2024-03-12T09:51:23+00:00\",\"breadcrumb\":{\"@id\":\"https:\/\/www.avegoabogados.com\/en\/areas\/#breadcrumb\"},\"inLanguage\":\"en-US\",\"potentialAction\":[{\"@type\":\"ReadAction\",\"target\":[\"https:\/\/www.avegoabogados.com\/en\/areas\/\"]}]},{\"@type\":\"ImageObject\",\"inLanguage\":\"en-US\",\"@id\":\"https:\/\/www.avegoabogados.com\/en\/areas\/#primaryimage\",\"url\":\"https:\/\/www.avegoabogados.com\/wp-content\/uploads\/2022\/04\/linea-titulo.png\",\"contentUrl\":\"https:\/\/www.avegoabogados.com\/wp-content\/uploads\/2022\/04\/linea-titulo.png\"},{\"@type\":\"BreadcrumbList\",\"@id\":\"https:\/\/www.avegoabogados.com\/en\/areas\/#breadcrumb\",\"itemListElement\":[{\"@type\":\"ListItem\",\"position\":1,\"name\":\"Portada\",\"item\":\"https:\/\/www.avegoabogados.com\/\"},{\"@type\":\"ListItem\",\"position\":2,\"name\":\"\u00c1reas\"}]},{\"@type\":\"WebSite\",\"@id\":\"https:\/\/www.avegoabogados.com\/#website\",\"url\":\"https:\/\/www.avegoabogados.com\/\",\"name\":\"Avego Abogados\",\"description\":\"Somos un despacho de abogados que tiene como \u00fanico objetivo ayudar a nuestros clientes\",\"publisher\":{\"@id\":\"https:\/\/www.avegoabogados.com\/#organization\"},\"potentialAction\":[{\"@type\":\"SearchAction\",\"target\":{\"@type\":\"EntryPoint\",\"urlTemplate\":\"https:\/\/www.avegoabogados.com\/?s={search_term_string}\"},\"query-input\":{\"@type\":\"PropertyValueSpecification\",\"valueRequired\":true,\"valueName\":\"search_term_string\"}}],\"inLanguage\":\"en-US\"},{\"@type\":\"Organization\",\"@id\":\"https:\/\/www.avegoabogados.com\/#organization\",\"name\":\"Avego Abogados\",\"url\":\"https:\/\/www.avegoabogados.com\/\",\"logo\":{\"@type\":\"ImageObject\",\"inLanguage\":\"en-US\",\"@id\":\"https:\/\/www.avegoabogados.com\/#\/schema\/logo\/image\/\",\"url\":\"https:\/\/www.avegoabogados.com\/wp-content\/uploads\/2022\/04\/favicon.png\",\"contentUrl\":\"https:\/\/www.avegoabogados.com\/wp-content\/uploads\/2022\/04\/favicon.png\",\"width\":34,\"height\":32,\"caption\":\"Avego Abogados\"},\"image\":{\"@id\":\"https:\/\/www.avegoabogados.com\/#\/schema\/logo\/image\/\"}}]}<\/script>\n<!-- \/ Yoast SEO plugin. -->","yoast_head_json":{"title":"\u00c1reas - Avego Abogados","robots":{"index":"index","follow":"follow","max-snippet":"max-snippet:-1","max-image-preview":"max-image-preview:large","max-video-preview":"max-video-preview:-1"},"canonical":"https:\/\/www.avegoabogados.com\/en\/areas\/","og_locale":"en_US","og_type":"article","og_title":"\u00c1reas - Avego Abogados","og_description":"\u00a0\u00a0\u00a0 \u00c1REAS DE ACTUACI\u00d3N En AVEGO trabajamos de forma transversal, compartiendo experiencia, conocimiento y enfoque. Marta G\u00f3mez-Luengo dirige el departamento de Mercantil y Transacciones; Luis Vericat se encarga del departamento de Litigaci\u00f3n y Arbitraje; Mabel Zapata encabeza el departamento Fiscal; y Sylvia Alonso lidera el departamento de Tecnolog\u00eda, Medios y Telecomunicaciones. Adem\u00e1s, AVEGO ofrece tambi\u00e9n [&hellip;]","og_url":"https:\/\/www.avegoabogados.com\/en\/areas\/","og_site_name":"Avego Abogados","article_modified_time":"2024-03-12T09:51:23+00:00","og_image":[{"url":"https:\/\/www.avegoabogados.com\/wp-content\/uploads\/2022\/04\/linea-titulo.png","type":"","width":"","height":""}],"twitter_card":"summary_large_image","twitter_misc":{"Est. reading time":"2 minutes"},"schema":{"@context":"https:\/\/schema.org","@graph":[{"@type":"WebPage","@id":"https:\/\/www.avegoabogados.com\/en\/areas\/","url":"https:\/\/www.avegoabogados.com\/en\/areas\/","name":"\u00c1reas - Avego Abogados","isPartOf":{"@id":"https:\/\/www.avegoabogados.com\/#website"},"primaryImageOfPage":{"@id":"https:\/\/www.avegoabogados.com\/en\/areas\/#primaryimage"},"image":{"@id":"https:\/\/www.avegoabogados.com\/en\/areas\/#primaryimage"},"thumbnailUrl":"https:\/\/www.avegoabogados.com\/wp-content\/uploads\/2022\/04\/linea-titulo.png","datePublished":"2022-05-19T23:20:59+00:00","dateModified":"2024-03-12T09:51:23+00:00","breadcrumb":{"@id":"https:\/\/www.avegoabogados.com\/en\/areas\/#breadcrumb"},"inLanguage":"en-US","potentialAction":[{"@type":"ReadAction","target":["https:\/\/www.avegoabogados.com\/en\/areas\/"]}]},{"@type":"ImageObject","inLanguage":"en-US","@id":"https:\/\/www.avegoabogados.com\/en\/areas\/#primaryimage","url":"https:\/\/www.avegoabogados.com\/wp-content\/uploads\/2022\/04\/linea-titulo.png","contentUrl":"https:\/\/www.avegoabogados.com\/wp-content\/uploads\/2022\/04\/linea-titulo.png"},{"@type":"BreadcrumbList","@id":"https:\/\/www.avegoabogados.com\/en\/areas\/#breadcrumb","itemListElement":[{"@type":"ListItem","position":1,"name":"Portada","item":"https:\/\/www.avegoabogados.com\/"},{"@type":"ListItem","position":2,"name":"\u00c1reas"}]},{"@type":"WebSite","@id":"https:\/\/www.avegoabogados.com\/#website","url":"https:\/\/www.avegoabogados.com\/","name":"Avego Abogados","description":"Somos un despacho de abogados que tiene como \u00fanico objetivo ayudar a nuestros clientes","publisher":{"@id":"https:\/\/www.avegoabogados.com\/#organization"},"potentialAction":[{"@type":"SearchAction","target":{"@type":"EntryPoint","urlTemplate":"https:\/\/www.avegoabogados.com\/?s={search_term_string}"},"query-input":{"@type":"PropertyValueSpecification","valueRequired":true,"valueName":"search_term_string"}}],"inLanguage":"en-US"},{"@type":"Organization","@id":"https:\/\/www.avegoabogados.com\/#organization","name":"Avego Abogados","url":"https:\/\/www.avegoabogados.com\/","logo":{"@type":"ImageObject","inLanguage":"en-US","@id":"https:\/\/www.avegoabogados.com\/#\/schema\/logo\/image\/","url":"https:\/\/www.avegoabogados.com\/wp-content\/uploads\/2022\/04\/favicon.png","contentUrl":"https:\/\/www.avegoabogados.com\/wp-content\/uploads\/2022\/04\/favicon.png","width":34,"height":32,"caption":"Avego Abogados"},"image":{"@id":"https:\/\/www.avegoabogados.com\/#\/schema\/logo\/image\/"}}]}},"_links":{"self":[{"href":"https:\/\/www.avegoabogados.com\/en\/wp-json\/wp\/v2\/pages\/16468","targetHints":{"allow":["GET"]}}],"collection":[{"href":"https:\/\/www.avegoabogados.com\/en\/wp-json\/wp\/v2\/pages"}],"about":[{"href":"https:\/\/www.avegoabogados.com\/en\/wp-json\/wp\/v2\/types\/page"}],"author":[{"embeddable":true,"href":"https:\/\/www.avegoabogados.com\/en\/wp-json\/wp\/v2\/users\/1"}],"replies":[{"embeddable":true,"href":"https:\/\/www.avegoabogados.com\/en\/wp-json\/wp\/v2\/comments?post=16468"}],"version-history":[{"count":14,"href":"https:\/\/www.avegoabogados.com\/en\/wp-json\/wp\/v2\/pages\/16468\/revisions"}],"predecessor-version":[{"id":18205,"href":"https:\/\/www.avegoabogados.com\/en\/wp-json\/wp\/v2\/pages\/16468\/revisions\/18205"}],"wp:attachment":[{"href":"https:\/\/www.avegoabogados.com\/en\/wp-json\/wp\/v2\/media?parent=16468"}],"curies":[{"name":"wp","href":"https:\/\/api.w.org\/{rel}","templated":true}]}}